{"id":3154,"date":"2019-04-26T14:40:33","date_gmt":"2019-04-26T12:40:33","guid":{"rendered":"https:\/\/hirudoidforte.ch\/?page_id=3154"},"modified":"2025-05-08T11:19:54","modified_gmt":"2025-05-08T09:19:54","slug":"traiter-les-cicatrices","status":"publish","type":"page","link":"https:\/\/hirudoidforte.ch\/fr\/cicatrices\/traiter-les-cicatrices\/","title":{"rendered":"Traiter les cicatrices"},"content":{"rendered":"<div class=\"block block-text style-textwidth-normal style-columns-one style-colors-rose style-design-standard style-background-beige\">\n\n        \n    <div class=\"wrap\">\n        <div class=\"block-content\">\n                            <div class=\"columns\">\n                                            <div class=\"column\">\n                            <h1>Comment faire dispara\u00eetre des cicatrices<\/h1>\n<p>En principe, il est pratiquement impossible d\u2019\u00e9viter la formation d\u2019une cicatrice car elle fait partie du processus naturel de gu\u00e9rison. Pendant la cicatrisation, il faut toutefois veiller \u00e0 ne pas trop solliciter la partie atteinte et, si n\u00e9cessaire, \u00e0 la couvrir.<\/p>\n                        <\/div>\n                                    <\/div>\n            \n        <\/div>\n    <\/div>\n<\/div>\n\n\n<div class=\"block block-text style-textwidth-normal style-columns-one style-colors-rose style-design-standard style-background-standard\">\n\n        \n    <div class=\"wrap\">\n        <div class=\"block-content\">\n                            <div class=\"columns\">\n                                            <div class=\"column\">\n                            <p><img loading=\"lazy\" decoding=\"async\" class=\"alignnone size-large wp-image-3761\" src=\"http:\/\/projects.atxeit.ch\/hirudoid\/wp-content\/uploads\/2019\/04\/istockphoto-488521045-2048-Narben-BX-2-1024x845.jpg\" alt=\"\" width=\"1024\" height=\"845\" srcset=\"https:\/\/hirudoidforte.ch\/wp-content\/uploads\/2019\/04\/istockphoto-488521045-2048-Narben-BX-2-1024x845.jpg 1024w, https:\/\/hirudoidforte.ch\/wp-content\/uploads\/2019\/04\/istockphoto-488521045-2048-Narben-BX-2-300x247.jpg 300w, https:\/\/hirudoidforte.ch\/wp-content\/uploads\/2019\/04\/istockphoto-488521045-2048-Narben-BX-2-768x633.jpg 768w, https:\/\/hirudoidforte.ch\/wp-content\/uploads\/2019\/04\/istockphoto-488521045-2048-Narben-BX-2-600x495.jpg 600w, https:\/\/hirudoidforte.ch\/wp-content\/uploads\/2019\/04\/istockphoto-488521045-2048-Narben-BX-2-1200x990.jpg 1200w, https:\/\/hirudoidforte.ch\/wp-content\/uploads\/2019\/04\/istockphoto-488521045-2048-Narben-BX-2-1800x1484.jpg 1800w, https:\/\/hirudoidforte.ch\/wp-content\/uploads\/2019\/04\/istockphoto-488521045-2048-Narben-BX-2-2000x1649.jpg 2000w, https:\/\/hirudoidforte.ch\/wp-content\/uploads\/2019\/04\/istockphoto-488521045-2048-Narben-BX-2.jpg 2048w\" sizes=\"auto, (max-width: 1024px) 100vw, 1024px\" \/><br \/>\nApr\u00e8s la fin du processus de cicatrisation, des cr\u00e8mes sp\u00e9ciales \u00e0 l\u2019h\u00e9parino\u00efde ou \u00e0 l\u2019h\u00e9parine peuvent contribuer \u00e0 la d\u00e9congestion des tissus durs de la cicatrice et \u00e0 son am\u00e9lioration d\u2019un point de vue cosm\u00e9tique. A cet effet, il est important d\u2019appliquer r\u00e9guli\u00e8rement de la cr\u00e8me et de bien la masser afin de favoriser la r\u00e9ussite du traitement.<\/p>\n                        <\/div>\n                                    <\/div>\n            \n        <\/div>\n    <\/div>\n<\/div>\n\n\n<div class=\"block block-text style-textwidth-normal style-columns-one style-colors-rose style-design-boxed style-background-image\">\n\n            <div class=\"bg_image\" style=\"background-image:url(https:\/\/hirudoidforte.ch\/wp-content\/uploads\/2019\/04\/iStock-628924418-2000x460-2000x460.jpg)\"><\/div>\n        \n    <div class=\"wrap\">\n        <div class=\"block-content\">\n                            <div class=\"columns\">\n                                            <div class=\"column\">\n                            <h2>Qu\u2019est-ce qui fait du bien aux jambes?<\/h2>\n<p>Avec de petits ajustements dans le mode de vie, il est possible d\u2019apporter un soulagement aux probl\u00e8mes veineux. Lisez ici comment vous pouvez pr\u00e9venir l\u2019apparition des troubles veineux \u00e0 un stade pr\u00e9coce.<\/p>\n<div class=\"button \"><a href=\"https:\/\/hirudoidforte.ch\/fr\/des-jambes-en-bonne-sante\/astuces\/\">Des conseils pour des jambes en bonne sant\u00e9<\/a><\/div>\n                        <\/div>\n                                    <\/div>\n            \n        <\/div>\n    <\/div>\n<\/div>\n\n\n<div class=\"block block-text style-textwidth-normal style-columns-two style-colors-rose style-design-standard style-background-standard\">\n\n        \n    <div class=\"wrap\">\n        <div class=\"block-content\">\n                            <div class=\"columns\">\n                                            <div class=\"column\">\n                            <h2>Les varices<\/h2>\n<p>Qu\u2019est-ce qu\u2019une varice? Comment apparaissent-elles et que pouvez-vous faire contre elles?<\/p>\n<div class=\"button \"><a href=\"https:\/\/hirudoidforte.ch\/fr\/problemes-veineux\/varices\/\">En savoir plus<\/a><\/div>\n                        <\/div>\n                                            <div class=\"column\">\n                            <h2>Le gonflement des jambes<\/h2>\n<p>D\u2019o\u00f9 provient le gonflement des jambes? Pourquoi peuvent-elles \u00eatre douloureuses et qu\u2019est-ce qui peut \u00eatre utile?<\/p>\n<div class=\"button \"><a href=\"https:\/\/hirudoidforte.ch\/fr\/problemes-veineux\/jambes-gonflees\/\">En savoir plus<\/a><\/div>\n                        <\/div>\n                                    <\/div>\n            \n        <\/div>\n    <\/div>\n<\/div>\n\n\n<div class=\"block block-text style-textwidth-normal style-columns-one style-colors-rose style-design-standard style-background-white\">\n\n        \n    <div class=\"wrap\">\n        <div class=\"block-content\">\n                            <div class=\"columns\">\n                                            <div class=\"column\">\n                            <h2>Gymnastique des jambes<\/h2>\n<p><img loading=\"lazy\" decoding=\"async\" class=\"alignnone size-full wp-image-348\" src=\"http:\/\/projects.atxeit.ch\/hirudoid\/wp-content\/uploads\/2019\/04\/iStock-962529334.jpg\" alt=\"\" width=\"2000\" height=\"1333\" srcset=\"https:\/\/hirudoidforte.ch\/wp-content\/uploads\/2019\/04\/iStock-962529334.jpg 2000w, https:\/\/hirudoidforte.ch\/wp-content\/uploads\/2019\/04\/iStock-962529334-300x200.jpg 300w, https:\/\/hirudoidforte.ch\/wp-content\/uploads\/2019\/04\/iStock-962529334-768x512.jpg 768w, https:\/\/hirudoidforte.ch\/wp-content\/uploads\/2019\/04\/iStock-962529334-1024x682.jpg 1024w, https:\/\/hirudoidforte.ch\/wp-content\/uploads\/2019\/04\/iStock-962529334-600x400.jpg 600w, https:\/\/hirudoidforte.ch\/wp-content\/uploads\/2019\/04\/iStock-962529334-1200x800.jpg 1200w, https:\/\/hirudoidforte.ch\/wp-content\/uploads\/2019\/04\/iStock-962529334-1800x1200.jpg 1800w\" sizes=\"auto, (max-width: 2000px) 100vw, 2000px\" \/><\/p>\n<div class=\"button \"><a href=\"https:\/\/hirudoidforte.ch\/wp-content\/uploads\/2019\/05\/venenuebungen-hirudoid-forte-fr.pdf\">T\u00e9l\u00e9charger les exercices<\/a><\/div>\n                        <\/div>\n                                    <\/div>\n            \n        <\/div>\n    <\/div>\n<\/div>\n","protected":false},"excerpt":{"rendered":"","protected":false},"author":1,"featured_media":0,"parent":3029,"menu_order":57,"comment_status":"closed","ping_status":"closed","template":"","meta":{"_acf_changed":false,"footnotes":""},"class_list":["post-3154","page","type-page","status-publish","hentry"],"acf":[],"yoast_head":"<!-- This site is optimized with the Yoast SEO Premium plugin v27.4 (Yoast SEO v27.4) - https:\/\/yoast.com\/product\/yoast-seo-premium-wordpress\/ -->\n<title>Traitement des cicatrices | Hirudoid\u00ae forte<\/title>\n<meta name=\"description\" content=\"Comment traiter les cicatrices? Apprenez-en plus ici sur le th\u00e8me du traitement des cicatrices et quels effets b\u00e9n\u00e9fiques la cr\u00e8me cicatrisante peut avoir.\" \/>\n<meta name=\"robots\" content=\"index, follow, max-snippet:-1, max-image-preview:large, max-video-preview:-1\" \/>\n<link rel=\"canonical\" href=\"https:\/\/hirudoidforte.ch\/fr\/cicatrices\/traiter-les-cicatrices\/\" \/>\n<meta property=\"og:locale\" content=\"fr_FR\" \/>\n<meta property=\"og:type\" content=\"article\" \/>\n<meta property=\"og:title\" content=\"Traiter les cicatrices\" \/>\n<meta property=\"og:description\" content=\"Comment traiter les cicatrices? Apprenez-en plus ici sur le th\u00e8me du traitement des cicatrices et quels effets b\u00e9n\u00e9fiques la cr\u00e8me cicatrisante peut avoir.\" \/>\n<meta property=\"og:url\" content=\"https:\/\/hirudoidforte.ch\/fr\/cicatrices\/traiter-les-cicatrices\/\" \/>\n<meta property=\"og:site_name\" content=\"Medinova Hirudoid\" \/>\n<meta property=\"article:modified_time\" content=\"2025-05-08T09:19:54+00:00\" \/>\n<meta name=\"twitter:card\" content=\"summary_large_image\" \/>\n<meta name=\"twitter:label1\" content=\"Dur\u00e9e de lecture estim\u00e9e\" \/>\n\t<meta name=\"twitter:data1\" content=\"2 minutes\" \/>\n<script type=\"application\/ld+json\" class=\"yoast-schema-graph\">{\"@context\":\"https:\\\/\\\/schema.org\",\"@graph\":[{\"@type\":\"WebPage\",\"@id\":\"https:\\\/\\\/hirudoidforte.ch\\\/fr\\\/cicatrices\\\/traiter-les-cicatrices\\\/\",\"url\":\"https:\\\/\\\/hirudoidforte.ch\\\/fr\\\/cicatrices\\\/traiter-les-cicatrices\\\/\",\"name\":\"Traitement des cicatrices | Hirudoid\u00ae forte\",\"isPartOf\":{\"@id\":\"https:\\\/\\\/hirudoidforte.ch\\\/#website\"},\"datePublished\":\"2019-04-26T12:40:33+00:00\",\"dateModified\":\"2025-05-08T09:19:54+00:00\",\"description\":\"Comment traiter les cicatrices? Apprenez-en plus ici sur le th\u00e8me du traitement des cicatrices et quels effets b\u00e9n\u00e9fiques la cr\u00e8me cicatrisante peut avoir.\",\"breadcrumb\":{\"@id\":\"https:\\\/\\\/hirudoidforte.ch\\\/fr\\\/cicatrices\\\/traiter-les-cicatrices\\\/#breadcrumb\"},\"inLanguage\":\"fr-FR\",\"potentialAction\":[{\"@type\":\"ReadAction\",\"target\":[\"https:\\\/\\\/hirudoidforte.ch\\\/fr\\\/cicatrices\\\/traiter-les-cicatrices\\\/\"]}]},{\"@type\":\"BreadcrumbList\",\"@id\":\"https:\\\/\\\/hirudoidforte.ch\\\/fr\\\/cicatrices\\\/traiter-les-cicatrices\\\/#breadcrumb\",\"itemListElement\":[{\"@type\":\"ListItem\",\"position\":1,\"name\":\"Startseite\",\"item\":\"https:\\\/\\\/hirudoidforte.ch\\\/fr\\\/\"},{\"@type\":\"ListItem\",\"position\":2,\"name\":\"Cicatrices\",\"item\":\"https:\\\/\\\/hirudoidforte.ch\\\/fr\\\/cicatrices\\\/\"},{\"@type\":\"ListItem\",\"position\":3,\"name\":\"Traiter les cicatrices\"}]},{\"@type\":\"WebSite\",\"@id\":\"https:\\\/\\\/hirudoidforte.ch\\\/#website\",\"url\":\"https:\\\/\\\/hirudoidforte.ch\\\/\",\"name\":\"Medinova Hirudoid\",\"description\":\"\",\"potentialAction\":[{\"@type\":\"SearchAction\",\"target\":{\"@type\":\"EntryPoint\",\"urlTemplate\":\"https:\\\/\\\/hirudoidforte.ch\\\/?s={search_term_string}\"},\"query-input\":{\"@type\":\"PropertyValueSpecification\",\"valueRequired\":true,\"valueName\":\"search_term_string\"}}],\"inLanguage\":\"fr-FR\"}]}<\/script>\n<!-- \/ Yoast SEO Premium plugin. -->","yoast_head_json":{"title":"Traitement des cicatrices | Hirudoid\u00ae forte","description":"Comment traiter les cicatrices? Apprenez-en plus ici sur le th\u00e8me du traitement des cicatrices et quels effets b\u00e9n\u00e9fiques la cr\u00e8me cicatrisante peut avoir.","robots":{"index":"index","follow":"follow","max-snippet":"max-snippet:-1","max-image-preview":"max-image-preview:large","max-video-preview":"max-video-preview:-1"},"canonical":"https:\/\/hirudoidforte.ch\/fr\/cicatrices\/traiter-les-cicatrices\/","og_locale":"fr_FR","og_type":"article","og_title":"Traiter les cicatrices","og_description":"Comment traiter les cicatrices? Apprenez-en plus ici sur le th\u00e8me du traitement des cicatrices et quels effets b\u00e9n\u00e9fiques la cr\u00e8me cicatrisante peut avoir.","og_url":"https:\/\/hirudoidforte.ch\/fr\/cicatrices\/traiter-les-cicatrices\/","og_site_name":"Medinova Hirudoid","article_modified_time":"2025-05-08T09:19:54+00:00","twitter_card":"summary_large_image","twitter_misc":{"Dur\u00e9e de lecture estim\u00e9e":"2 minutes"},"schema":{"@context":"https:\/\/schema.org","@graph":[{"@type":"WebPage","@id":"https:\/\/hirudoidforte.ch\/fr\/cicatrices\/traiter-les-cicatrices\/","url":"https:\/\/hirudoidforte.ch\/fr\/cicatrices\/traiter-les-cicatrices\/","name":"Traitement des cicatrices | Hirudoid\u00ae forte","isPartOf":{"@id":"https:\/\/hirudoidforte.ch\/#website"},"datePublished":"2019-04-26T12:40:33+00:00","dateModified":"2025-05-08T09:19:54+00:00","description":"Comment traiter les cicatrices? Apprenez-en plus ici sur le th\u00e8me du traitement des cicatrices et quels effets b\u00e9n\u00e9fiques la cr\u00e8me cicatrisante peut avoir.","breadcrumb":{"@id":"https:\/\/hirudoidforte.ch\/fr\/cicatrices\/traiter-les-cicatrices\/#breadcrumb"},"inLanguage":"fr-FR","potentialAction":[{"@type":"ReadAction","target":["https:\/\/hirudoidforte.ch\/fr\/cicatrices\/traiter-les-cicatrices\/"]}]},{"@type":"BreadcrumbList","@id":"https:\/\/hirudoidforte.ch\/fr\/cicatrices\/traiter-les-cicatrices\/#breadcrumb","itemListElement":[{"@type":"ListItem","position":1,"name":"Startseite","item":"https:\/\/hirudoidforte.ch\/fr\/"},{"@type":"ListItem","position":2,"name":"Cicatrices","item":"https:\/\/hirudoidforte.ch\/fr\/cicatrices\/"},{"@type":"ListItem","position":3,"name":"Traiter les cicatrices"}]},{"@type":"WebSite","@id":"https:\/\/hirudoidforte.ch\/#website","url":"https:\/\/hirudoidforte.ch\/","name":"Medinova Hirudoid","description":"","potentialAction":[{"@type":"SearchAction","target":{"@type":"EntryPoint","urlTemplate":"https:\/\/hirudoidforte.ch\/?s={search_term_string}"},"query-input":{"@type":"PropertyValueSpecification","valueRequired":true,"valueName":"search_term_string"}}],"inLanguage":"fr-FR"}]}},"jetpack_sharing_enabled":true,"_links":{"self":[{"href":"https:\/\/hirudoidforte.ch\/fr\/wp-json\/wp\/v2\/pages\/3154","targetHints":{"allow":["GET"]}}],"collection":[{"href":"https:\/\/hirudoidforte.ch\/fr\/wp-json\/wp\/v2\/pages"}],"about":[{"href":"https:\/\/hirudoidforte.ch\/fr\/wp-json\/wp\/v2\/types\/page"}],"author":[{"embeddable":true,"href":"https:\/\/hirudoidforte.ch\/fr\/wp-json\/wp\/v2\/users\/1"}],"replies":[{"embeddable":true,"href":"https:\/\/hirudoidforte.ch\/fr\/wp-json\/wp\/v2\/comments?post=3154"}],"version-history":[{"count":5,"href":"https:\/\/hirudoidforte.ch\/fr\/wp-json\/wp\/v2\/pages\/3154\/revisions"}],"predecessor-version":[{"id":8127,"href":"https:\/\/hirudoidforte.ch\/fr\/wp-json\/wp\/v2\/pages\/3154\/revisions\/8127"}],"up":[{"embeddable":true,"href":"https:\/\/hirudoidforte.ch\/fr\/wp-json\/wp\/v2\/pages\/3029"}],"wp:attachment":[{"href":"https:\/\/hirudoidforte.ch\/fr\/wp-json\/wp\/v2\/media?parent=3154"}],"curies":[{"name":"wp","href":"https:\/\/api.w.org\/{rel}","templated":true}]}}