{"id":1256,"date":"2019-03-28T11:24:09","date_gmt":"2019-03-28T10:24:09","guid":{"rendered":"https:\/\/hirudoidforte.ch\/startseite\/"},"modified":"2025-05-08T09:12:59","modified_gmt":"2025-05-08T07:12:59","slug":"startseite","status":"publish","type":"page","link":"https:\/\/hirudoidforte.ch\/fr\/","title":{"rendered":"Home"},"content":{"rendered":"<div class=\"block block-hero style-image-only style-design-two-images\">\n            <div class=\"hero_img\">\n            <div class=\"hero_img_inner\" style=\"background-image:url(https:\/\/hirudoidforte.ch\/wp-content\/uploads\/2019\/04\/image-hipster-mum-236832-unsplash-1600-X.jpg)\"><\/div>\n                            <div class=\"hero_img_inner\" style=\"background-image:url(https:\/\/hirudoidforte.ch\/wp-content\/uploads\/2019\/04\/image-Flatlay-liana-mikah-1405179-unsplash-1200.jpg)\"><\/div>\n                                <\/div>\n    \n            <a class=\"storer\" href=\"#quiz\">\n            <span class=\"inner\">Testez <br \/>\r\nvos veines <br \/>\r\nmaintenant<\/span>\n            <span class=\"arrow\"><\/span>\n        <\/a>\n    <\/div>\n\n\n\n<div class=\"block block-parallaximages style-background-standard\">\n            <div class=\"images\">\n            <div class=\"image js-parallax\" data-parallax=\"1\" style=\"background-image:url(https:\/\/hirudoidforte.ch\/wp-content\/uploads\/2019\/04\/image-daniel-apodaca-335330-unsplash-1200.jpg)\"><\/div>\n\n            <div class=\"image js-parallax\" data-parallax=\"2\" style=\"background-image:url(https:\/\/hirudoidforte.ch\/wp-content\/uploads\/2019\/04\/iStock-962529334-2000x1333.jpg)\"><\/div>\n\n        <\/div>\n    <\/div>\n\n\n<div class=\"block block-video style-textwidth-normal style-background-white\">\n\n    \n    <div class=\"wrap\">\n        <div class=\"block-content\">\n                            <h2>Nos jambes sont l\u00e0 pour nous tous les jours: pour s\u2019asseoir et marcher, pour danser et courir.  La jambe parfaite n\u2019existe pas et pourtant, elles nous vont parfaitement.<\/h2>\n            \n                            <div class=\"video-holder\">\n                     <div class=\"brlbs-cmpnt-container brlbs-cmpnt-content-blocker brlbs-cmpnt-with-individual-styles\" data-borlabs-cookie-content-blocker-id=\"youtube-content-blocker\" data-borlabs-cookie-content=\"PGlmcmFtZSB0aXRsZT0iSSBsb3ZlIG15IGxlZ3MiIHdpZHRoPSI1MDAiIGhlaWdodD0iMjgxIiBzcmM9Imh0dHBzOi8vd3d3LnlvdXR1YmUtbm9jb29raWUuY29tL2VtYmVkLzNkVWRPQl9WNm1FP2ZlYXR1cmU9b2VtYmVkIiBmcmFtZWJvcmRlcj0iMCIgYWxsb3c9ImFjY2VsZXJvbWV0ZXI7IGF1dG9wbGF5OyBjbGlwYm9hcmQtd3JpdGU7IGVuY3J5cHRlZC1tZWRpYTsgZ3lyb3Njb3BlOyBwaWN0dXJlLWluLXBpY3R1cmU7IHdlYi1zaGFyZSIgcmVmZXJyZXJwb2xpY3k9InN0cmljdC1vcmlnaW4td2hlbi1jcm9zcy1vcmlnaW4iIGFsbG93ZnVsbHNjcmVlbj48L2lmcmFtZT4=\"><div class=\"brlbs-cmpnt-cb-preset-c brlbs-cmpnt-cb-youtube\"> <div class=\"brlbs-cmpnt-cb-thumbnail\" style=\"background-image: url('https:\/\/hirudoidforte.ch\/wp-content\/uploads\/borlabs-cookie\/1\/yt_3dUdOB_V6mE_hqdefault.jpg')\"><\/div> <div class=\"brlbs-cmpnt-cb-main\"> <div class=\"brlbs-cmpnt-cb-play-button\"><\/div> <div class=\"brlbs-cmpnt-cb-content\"> <p class=\"brlbs-cmpnt-cb-description\">Vous \u00eates actuellement en train de consulter le contenu d&rsquo;un espace r\u00e9serv\u00e9 de <strong>YouTube<\/strong>. Pour acc\u00e9der au contenu r\u00e9el, cliquez sur le bouton ci-dessous. Veuillez noter que ce faisant, des donn\u00e9es seront partag\u00e9es avec des providers tiers.<\/p> <a class=\"brlbs-cmpnt-cb-provider-toggle\" href=\"#\" data-borlabs-cookie-show-provider-information role=\"button\">Plus d&rsquo;informations<\/a> <\/div> <div class=\"brlbs-cmpnt-cb-buttons\"> <a class=\"brlbs-cmpnt-cb-btn\" href=\"#\" data-borlabs-cookie-unblock role=\"button\">D\u00e9bloquer le contenu<\/a> <a class=\"brlbs-cmpnt-cb-btn\" href=\"#\" data-borlabs-cookie-accept-service role=\"button\" style=\"display: inherit\">Accepter le service requis et d\u00e9bloquer les contenus<\/a> <\/div> <\/div> <\/div><\/div>                <\/div>\n            \n        <\/div>\n    <\/div>\n<\/div>\n\n\n\n<div class=\"block block-designheader design-meine-beine style-background-lightgray\">\n    <div class=\"wrap\">\n        <div class=\"headline-holder js-parallax\" data-parallax=\"beine\"><\/div>\n                    <h2 class=\"huge\">Dans ces cas, <br \/>Hirudoid <span>forte<\/span> est utile<\/h2>\n            <\/div>\n<\/div>\n\n\n<div class=\"block block-text style-textwidth-normal style-columns-two style-colors-rose style-design-standard style-background-lightgray\">\n\n        \n    <div class=\"wrap\">\n        <div class=\"block-content\">\n                            <div class=\"columns\">\n                                            <div class=\"column\">\n                            <p><img loading=\"lazy\" decoding=\"async\" class=\"alignnone size-full wp-image-531\" src=\"http:\/\/projects.atxeit.ch\/hirudoid\/wp-content\/uploads\/2019\/04\/istockphoto-821765652-2048-Krampf-BX.png\" alt=\"\" width=\"406\" height=\"240\" srcset=\"https:\/\/hirudoidforte.ch\/wp-content\/uploads\/2019\/04\/istockphoto-821765652-2048-Krampf-BX.png 406w, https:\/\/hirudoidforte.ch\/wp-content\/uploads\/2019\/04\/istockphoto-821765652-2048-Krampf-BX-300x177.png 300w\" sizes=\"auto, (max-width: 406px) 100vw, 406px\" \/><\/p>\n                        <\/div>\n                                            <div class=\"column\">\n                            <p><strong>Probl\u00e8mes veineux<\/strong><\/p>\n<p>Les troubles veineux sont tr\u00e8s r\u00e9pandus et ils s\u2019aggravent souvent avec l\u2019\u00e2ge. Les premiers signes apparaissent parfois d\u00e8s le d\u00e9but de l\u2019\u00e2ge adulte.<\/p>\n<div class=\"button left\"><a href=\"https:\/\/hirudoidforte.ch\/fr\/problemes-veineux\/\">Continuer la lecture<\/a><\/div>\n                        <\/div>\n                                            <div class=\"column\">\n                            <p><img loading=\"lazy\" decoding=\"async\" class=\"alignnone size-full wp-image-195\" src=\"http:\/\/projects.atxeit.ch\/hirudoid\/wp-content\/uploads\/2019\/04\/istockphoto-488503465-2048-Blaue-BX.png\" alt=\"\" width=\"406\" height=\"240\" srcset=\"https:\/\/hirudoidforte.ch\/wp-content\/uploads\/2019\/04\/istockphoto-488503465-2048-Blaue-BX.png 406w, https:\/\/hirudoidforte.ch\/wp-content\/uploads\/2019\/04\/istockphoto-488503465-2048-Blaue-BX-300x177.png 300w\" sizes=\"auto, (max-width: 406px) 100vw, 406px\" \/><\/p>\n                        <\/div>\n                                            <div class=\"column\">\n                            <p><strong>Blessures sportives<\/strong><\/p>\n<p>En moyenne, il y a chaque ann\u00e9e plus de 400 000 accidents dus au sport en Suisse (source: estimation du BPA). La meilleure solution serait d\u2019\u00e9viter les blessures, mais ce n\u2019est pas toujours r\u00e9alisable. Les blessures sportives sont trait\u00e9es de diff\u00e9rentes fa\u00e7ons.<\/p>\n<div class=\"button left\"><a href=\"https:\/\/hirudoidforte.ch\/fr\/blessures-sportives\/\">Continuer la lecture<\/a><\/div>\n                        <\/div>\n                                    <\/div>\n            \n        <\/div>\n    <\/div>\n<\/div>\n\n\n<div class=\"block block-text style-textwidth-wide style-columns-two style-colors-blue style-design-standard style-background-white\">\n\n        \n    <div class=\"wrap\">\n        <div class=\"block-content\">\n                            <div class=\"columns\">\n                                            <div class=\"column\">\n                            <h2>Cr\u00e8me varice<\/h2>\n<p><img loading=\"lazy\" decoding=\"async\" class=\"alignnone size-full wp-image-187\" src=\"http:\/\/projects.atxeit.ch\/hirudoid\/wp-content\/uploads\/2019\/04\/MI15_Hirudoid_Forte_100g_DE_FR_Rechts_2.png\" alt=\"\" width=\"616\" height=\"352\" srcset=\"https:\/\/hirudoidforte.ch\/wp-content\/uploads\/2019\/04\/MI15_Hirudoid_Forte_100g_DE_FR_Rechts_2.png 616w, https:\/\/hirudoidforte.ch\/wp-content\/uploads\/2019\/04\/MI15_Hirudoid_Forte_100g_DE_FR_Rechts_2-300x171.png 300w, https:\/\/hirudoidforte.ch\/wp-content\/uploads\/2019\/04\/MI15_Hirudoid_Forte_100g_DE_FR_Rechts_2-600x343.png 600w\" sizes=\"auto, (max-width: 616px) 100vw, 616px\" \/><\/p>\n<p>La cr\u00e8me de soin est disponible dans des tubes pratiques de 40 g ou dans des tubes plus garnis de 100 g. La cr\u00e8me discr\u00e8tement parfum\u00e9e p\u00e9n\u00e8tre rapidement dans la peau et ne laisse pas de film gras. Pour des jambes en bonne sant\u00e9 que vous oserez montrer.<\/p>\n<div class=\"button \"><a href=\"https:\/\/hirudoidforte.ch\/fr\/hirudoid-forte\/creme-pour-les-varices\/\">Vers la page du produit<\/a><\/div>\n<p>&nbsp;<\/p>\n<p style=\"text-align: center;\"><em>Ceci est un m\u00e9dicament autoris\u00e9. Lisez la <a class=\"download\" title=\"Initiates file download\" href=\"https:\/\/swissmedicinfo.ch\/?Lang=FR\" target=\"_blank\" rel=\"noopener\">notice d&#8217;emballage<\/a>.<\/em><\/p>\n                        <\/div>\n                                            <div class=\"column\">\n                            <h2>Gel varice<\/h2>\n<p><img loading=\"lazy\" decoding=\"async\" class=\"alignnone size-full wp-image-434\" src=\"http:\/\/projects.atxeit.ch\/hirudoid\/wp-content\/uploads\/2019\/04\/MI15_Hirudoid_Forte_Gel_100g_DE_FR_Rechts_2.png\" alt=\"\" width=\"3008\" height=\"1792\" srcset=\"https:\/\/hirudoidforte.ch\/wp-content\/uploads\/2019\/04\/MI15_Hirudoid_Forte_Gel_100g_DE_FR_Rechts_2.png 3008w, https:\/\/hirudoidforte.ch\/wp-content\/uploads\/2019\/04\/MI15_Hirudoid_Forte_Gel_100g_DE_FR_Rechts_2-300x179.png 300w, https:\/\/hirudoidforte.ch\/wp-content\/uploads\/2019\/04\/MI15_Hirudoid_Forte_Gel_100g_DE_FR_Rechts_2-768x458.png 768w, https:\/\/hirudoidforte.ch\/wp-content\/uploads\/2019\/04\/MI15_Hirudoid_Forte_Gel_100g_DE_FR_Rechts_2-1024x610.png 1024w, https:\/\/hirudoidforte.ch\/wp-content\/uploads\/2019\/04\/MI15_Hirudoid_Forte_Gel_100g_DE_FR_Rechts_2-600x357.png 600w, https:\/\/hirudoidforte.ch\/wp-content\/uploads\/2019\/04\/MI15_Hirudoid_Forte_Gel_100g_DE_FR_Rechts_2-1200x715.png 1200w, https:\/\/hirudoidforte.ch\/wp-content\/uploads\/2019\/04\/MI15_Hirudoid_Forte_Gel_100g_DE_FR_Rechts_2-1800x1072.png 1800w, https:\/\/hirudoidforte.ch\/wp-content\/uploads\/2019\/04\/MI15_Hirudoid_Forte_Gel_100g_DE_FR_Rechts_2-2000x1191.png 2000w\" sizes=\"auto, (max-width: 3008px) 100vw, 3008px\" \/><\/p>\n<p>Le gel rafra\u00eechissant est disponible dans des petits tubes pratiques de 40 g ou dans des tubes plus garnis de 100 g. Le gel rafra\u00eechissant p\u00e9n\u00e8tre particuli\u00e8rement rapidement et son parfum est agr\u00e9able et d\u00e9cent. Pour des jambes en bonne sant\u00e9 que vous oserez montrer.<\/p>\n<div class=\"button \"><a href=\"https:\/\/hirudoidforte.ch\/fr\/hirudoid-forte\/gel-pour-les-varices\/\">Vers la page du produit<\/a><\/div>\n<p>&nbsp;<\/p>\n<p style=\"text-align: center;\"><em>Ceci est un m\u00e9dicament autoris\u00e9. Lisez la <a class=\"download\" title=\"Initiates file download\" href=\"https:\/\/swissmedicinfo.ch\/?Lang=FR\" target=\"_blank\" rel=\"noopener\">notice d&#8217;emballage<\/a>.<\/em><\/p>\n                        <\/div>\n                                    <\/div>\n            \n        <\/div>\n    <\/div>\n<\/div>\n\n\n<div class=\"block block-text style-textwidth-wide style-columns-one style-colors-blue style-design-standard style-background-white\">\n\n        \n    <div class=\"wrap\">\n        <div class=\"block-content\">\n                            <div class=\"columns\">\n                                            <div class=\"column\">\n                            <div style=\"margin-bottom: 40px; margin-top: -40px!important;\"><a href=\"https:\/\/hirudoidnatural.ch\"><img loading=\"lazy\" decoding=\"async\" class=\"aligncenter wp-image-7859 size-full\" src=\"https:\/\/hirudoidforte.ch\/wp-content\/uploads\/2021\/04\/hirudoid-natural-produkt-fr.jpg\" alt=\"Hirudoid Natural\" width=\"1024\" height=\"337\" \/><\/a><\/p>\n<h3 style=\"text-align: left; color: #005d56;\">Hirudoid Natural, l\u2019option naturelle pour vos jambes lourdes!<\/h3>\n<p>Notre derni\u00e8re innovation est enfin arriv\u00e9e ! Hirudoid \u00e9largit sa gamme de produits et propose un nouveau produit certifi\u00e9 COSMOS NATURAL: Hirudoid natural !<br \/>\nHirudoid Natural a \u00e9t\u00e9 d\u00e9velopp\u00e9 avec l\u2019envie d\u2019offrir une gamme de produits \u00e9labor\u00e9s \u00e0 partir des ingr\u00e9dients les plus naturels possible. Ceci afin de r\u00e9pondre aux exigences croissantes des consommateurs soucieux de leur bien-\u00eatre et souhaitant des produits de tr\u00e8s haute qualit\u00e9. En associant les derni\u00e8res avanc\u00e9es scientifiques \u00e0 la force de la nature, nous avons \u00e9labor\u00e9 un produit unique, certifi\u00e9 COSMOS NATURAL et Vegan, dont 99.8% du total est d\u2019origine naturelle.<\/p>\n<div class=\"button \" style=\"text-align: left;\"><a style=\"background: #005d56;\" href=\"http:\/\/hirudoidnatural.ch\/\" target=\"_blank\" rel=\"noopener\">Hirudoid Natural<\/a><\/div>\n<\/div>\n                        <\/div>\n                                    <\/div>\n            \n        <\/div>\n    <\/div>\n<\/div>\n\n\n<div class=\"block block-list style-textwidth-normal style-design-boxed style-background-image\">\n            <div class=\"bg_image\" style=\"background-image:url(https:\/\/hirudoidforte.ch\/wp-content\/uploads\/2019\/04\/istock-1041085938-BG1.png)\"><\/div>\n        <div class=\"wrap\">\n        <div class=\"block-content\">\n                            <h2>Voici comment traiter correctement vos probl\u00e8mes veineux<\/h2>\n                                        <div class=\"list\">\n                                            <div class=\"list-item\">\n                            <i class=\"far fa-paper-plane\" aria-hidden=\"true\"><\/i>                            <p><strong>Mesure n\u00b0 1<br \/>\n<\/strong>Commencer la pr\u00e9vention suffisamment t\u00f4t. L\u2019alimentation, l\u2019activit\u00e9 physique et les douches \u00e9cossaises font du bien aux jambes.<\/p>\n<p><strong><\/p>\n<p><\/strong><\/p>\n                        <\/div>\n                                            <div class=\"list-item\">\n                            <i class=\"far fa-paper-plane\" aria-hidden=\"true\"><\/i>                            <p><strong>Mesure n\u00b0 2<br \/>\n<\/strong>Traiter avec des cr\u00e8mes et des gels provenant d\u2019une pharmacie ou d\u2019une droguerie.<\/p>\n                        <\/div>\n                                            <div class=\"list-item\">\n                            <i class=\"far fa-paper-plane\" aria-hidden=\"true\"><\/i>                            <p><strong>Mesure n\u00b0 3<br \/>\n<\/strong>Si les mesures pr\u00e9c\u00e9dentes ne sont plus efficaces et si les troubles sont r\u00e9currents, il faut consulter un m\u00e9decin.<\/p>\n<p><strong>\u00a0<\/strong><\/p>\n                        <\/div>\n                                    <\/div>\n                                        <div class=\"list-text\">\n                    <div class=\"button icon\"><a href=\"https:\/\/hirudoidforte.ch\/fr\/problemes-veineux\/traitement\/\">En savoir plus<\/a><\/div>\n                <\/div>\n                    <\/div>\n    <\/div>\n<\/div>\n\n\n<div class=\"block block-text style-textwidth-wide style-columns-one style-colors-rose style-design-standard style-background-beige\">\n\n        \n    <div class=\"wrap\">\n        <div class=\"block-content\">\n                            <div class=\"columns\">\n                                            <div class=\"column\">\n                            <h2><a name=\"_Toc4926982\"><\/a>O\u00f9 l\u2019acheter<\/h2>\n<p>Hirudoid forte\u00ae est disponible sans ordonnance dans les pharmacies et les drogueries en Suisse.<\/p>\n<p><strong>Commander ici en ligne:<\/strong><\/p>\n<div class=\"narrow\"><div class=\"button shop left\"><a href=\"https:\/\/www.amavita.ch\/fr\/catalogsearch\/result?q=Hirudoid\">Amavita<\/a><\/div><div class=\"button shop left\"><a href=\"https:\/\/www.adlershop.ch\/search\/results?keywords=hirudoid\">Adler Shop<\/a><\/div><div class=\"button shop left\"><a href=\"https:\/\/eiche.ch\/apotheke\/search?q=hirudoid\">Eiche<\/a><\/div><div class=\"button shop left\"><a href=\"https:\/\/www.coopvitality.ch\/de\/catalogsearch\/result?q=Hirudoid\">Coop Vitality<\/a><\/div><div class=\"button shop left\"><a href=\"https:\/\/unseredrogerie.ch\/index.php?route=product\/search&amp;search=Hirudoid&amp;description=true\">unseredrogerie.ch<\/a><\/div><div class=\"button shop left\"><a href=\"https:\/\/www.sunstore.ch\/de\/catalogsearch\/result?q=hirudoid\">Sun Store<\/a><\/div><div class=\"button shop left\"><a href=\"https:\/\/www.xtrapharm.ch\/catalogsearch\/result\/?q=Hirudoid\">Xtrapharm<\/a><\/div><div class=\"button shop left\"><a href=\"https:\/\/www.zurrose.ch\/de\/search\/?text=hirudoid\">Zur Rose<\/a><\/div><\/div>\n                        <\/div>\n                                    <\/div>\n            \n        <\/div>\n    <\/div>\n<\/div>\n","protected":false},"excerpt":{"rendered":"","protected":false},"author":1,"featured_media":0,"parent":0,"menu_order":6,"comment_status":"closed","ping_status":"closed","template":"","meta":{"_acf_changed":false,"footnotes":""},"class_list":["post-1256","page","type-page","status-publish","hentry"],"acf":[],"yoast_head":"<!-- This site is optimized with the Yoast SEO Premium plugin v27.4 (Yoast SEO v27.4) - https:\/\/yoast.com\/product\/yoast-seo-premium-wordpress\/ -->\n<title>Hirudoid\u00ae forte | I love my legs<\/title>\n<meta name=\"description\" content=\"Jambes fatigu\u00e9es et lourdes, bleus ou varices: Hirudoid\u00ae forte aide en cas de troubles veineux et de blessures de sport. Informez-vous ici.\" \/>\n<meta name=\"robots\" content=\"index, follow, max-snippet:-1, max-image-preview:large, max-video-preview:-1\" \/>\n<link rel=\"canonical\" href=\"https:\/\/hirudoidforte.ch\/fr\/\" \/>\n<meta property=\"og:locale\" content=\"fr_FR\" \/>\n<meta property=\"og:type\" content=\"article\" \/>\n<meta property=\"og:title\" content=\"Home\" \/>\n<meta property=\"og:description\" content=\"Jambes fatigu\u00e9es et lourdes, bleus ou varices: Hirudoid\u00ae forte aide en cas de troubles veineux et de blessures de sport. Informez-vous ici.\" \/>\n<meta property=\"og:url\" content=\"https:\/\/hirudoidforte.ch\/fr\/\" \/>\n<meta property=\"og:site_name\" content=\"Medinova Hirudoid\" \/>\n<meta property=\"article:modified_time\" content=\"2025-05-08T07:12:59+00:00\" \/>\n<meta name=\"twitter:card\" content=\"summary_large_image\" \/>\n<meta name=\"twitter:label1\" content=\"Dur\u00e9e de lecture estim\u00e9e\" \/>\n\t<meta name=\"twitter:data1\" content=\"5 minutes\" \/>\n<script type=\"application\/ld+json\" class=\"yoast-schema-graph\">{\"@context\":\"https:\\\/\\\/schema.org\",\"@graph\":[{\"@type\":\"WebPage\",\"@id\":\"https:\\\/\\\/hirudoidforte.ch\\\/fr\\\/\",\"url\":\"https:\\\/\\\/hirudoidforte.ch\\\/fr\\\/\",\"name\":\"Hirudoid\u00ae forte | I love my legs\",\"isPartOf\":{\"@id\":\"https:\\\/\\\/hirudoidforte.ch\\\/#website\"},\"datePublished\":\"2019-03-28T10:24:09+00:00\",\"dateModified\":\"2025-05-08T07:12:59+00:00\",\"description\":\"Jambes fatigu\u00e9es et lourdes, bleus ou varices: Hirudoid\u00ae forte aide en cas de troubles veineux et de blessures de sport. Informez-vous ici.\",\"breadcrumb\":{\"@id\":\"https:\\\/\\\/hirudoidforte.ch\\\/fr\\\/#breadcrumb\"},\"inLanguage\":\"fr-FR\",\"potentialAction\":[{\"@type\":\"ReadAction\",\"target\":[\"https:\\\/\\\/hirudoidforte.ch\\\/fr\\\/\"]}]},{\"@type\":\"BreadcrumbList\",\"@id\":\"https:\\\/\\\/hirudoidforte.ch\\\/fr\\\/#breadcrumb\",\"itemListElement\":[{\"@type\":\"ListItem\",\"position\":1,\"name\":\"Startseite\",\"item\":\"https:\\\/\\\/hirudoidforte.ch\\\/fr\\\/\"},{\"@type\":\"ListItem\",\"position\":2,\"name\":\"Home\"}]},{\"@type\":\"WebSite\",\"@id\":\"https:\\\/\\\/hirudoidforte.ch\\\/#website\",\"url\":\"https:\\\/\\\/hirudoidforte.ch\\\/\",\"name\":\"Medinova Hirudoid\",\"description\":\"\",\"potentialAction\":[{\"@type\":\"SearchAction\",\"target\":{\"@type\":\"EntryPoint\",\"urlTemplate\":\"https:\\\/\\\/hirudoidforte.ch\\\/?s={search_term_string}\"},\"query-input\":{\"@type\":\"PropertyValueSpecification\",\"valueRequired\":true,\"valueName\":\"search_term_string\"}}],\"inLanguage\":\"fr-FR\"}]}<\/script>\n<!-- \/ Yoast SEO Premium plugin. -->","yoast_head_json":{"title":"Hirudoid\u00ae forte | I love my legs","description":"Jambes fatigu\u00e9es et lourdes, bleus ou varices: Hirudoid\u00ae forte aide en cas de troubles veineux et de blessures de sport. Informez-vous ici.","robots":{"index":"index","follow":"follow","max-snippet":"max-snippet:-1","max-image-preview":"max-image-preview:large","max-video-preview":"max-video-preview:-1"},"canonical":"https:\/\/hirudoidforte.ch\/fr\/","og_locale":"fr_FR","og_type":"article","og_title":"Home","og_description":"Jambes fatigu\u00e9es et lourdes, bleus ou varices: Hirudoid\u00ae forte aide en cas de troubles veineux et de blessures de sport. Informez-vous ici.","og_url":"https:\/\/hirudoidforte.ch\/fr\/","og_site_name":"Medinova Hirudoid","article_modified_time":"2025-05-08T07:12:59+00:00","twitter_card":"summary_large_image","twitter_misc":{"Dur\u00e9e de lecture estim\u00e9e":"5 minutes"},"schema":{"@context":"https:\/\/schema.org","@graph":[{"@type":"WebPage","@id":"https:\/\/hirudoidforte.ch\/fr\/","url":"https:\/\/hirudoidforte.ch\/fr\/","name":"Hirudoid\u00ae forte | I love my legs","isPartOf":{"@id":"https:\/\/hirudoidforte.ch\/#website"},"datePublished":"2019-03-28T10:24:09+00:00","dateModified":"2025-05-08T07:12:59+00:00","description":"Jambes fatigu\u00e9es et lourdes, bleus ou varices: Hirudoid\u00ae forte aide en cas de troubles veineux et de blessures de sport. Informez-vous ici.","breadcrumb":{"@id":"https:\/\/hirudoidforte.ch\/fr\/#breadcrumb"},"inLanguage":"fr-FR","potentialAction":[{"@type":"ReadAction","target":["https:\/\/hirudoidforte.ch\/fr\/"]}]},{"@type":"BreadcrumbList","@id":"https:\/\/hirudoidforte.ch\/fr\/#breadcrumb","itemListElement":[{"@type":"ListItem","position":1,"name":"Startseite","item":"https:\/\/hirudoidforte.ch\/fr\/"},{"@type":"ListItem","position":2,"name":"Home"}]},{"@type":"WebSite","@id":"https:\/\/hirudoidforte.ch\/#website","url":"https:\/\/hirudoidforte.ch\/","name":"Medinova Hirudoid","description":"","potentialAction":[{"@type":"SearchAction","target":{"@type":"EntryPoint","urlTemplate":"https:\/\/hirudoidforte.ch\/?s={search_term_string}"},"query-input":{"@type":"PropertyValueSpecification","valueRequired":true,"valueName":"search_term_string"}}],"inLanguage":"fr-FR"}]}},"jetpack_sharing_enabled":true,"_links":{"self":[{"href":"https:\/\/hirudoidforte.ch\/fr\/wp-json\/wp\/v2\/pages\/1256","targetHints":{"allow":["GET"]}}],"collection":[{"href":"https:\/\/hirudoidforte.ch\/fr\/wp-json\/wp\/v2\/pages"}],"about":[{"href":"https:\/\/hirudoidforte.ch\/fr\/wp-json\/wp\/v2\/types\/page"}],"author":[{"embeddable":true,"href":"https:\/\/hirudoidforte.ch\/fr\/wp-json\/wp\/v2\/users\/1"}],"replies":[{"embeddable":true,"href":"https:\/\/hirudoidforte.ch\/fr\/wp-json\/wp\/v2\/comments?post=1256"}],"version-history":[{"count":5,"href":"https:\/\/hirudoidforte.ch\/fr\/wp-json\/wp\/v2\/pages\/1256\/revisions"}],"predecessor-version":[{"id":8143,"href":"https:\/\/hirudoidforte.ch\/fr\/wp-json\/wp\/v2\/pages\/1256\/revisions\/8143"}],"wp:attachment":[{"href":"https:\/\/hirudoidforte.ch\/fr\/wp-json\/wp\/v2\/media?parent=1256"}],"curies":[{"name":"wp","href":"https:\/\/api.w.org\/{rel}","templated":true}]}}